{"id":3,"date":"2024-05-01T16:03:54","date_gmt":"2024-05-01T16:03:54","guid":{"rendered":"https:\/\/academicfx.com\/?page_id=3"},"modified":"2024-08-08T18:02:26","modified_gmt":"2024-08-08T18:02:26","slug":"privacy-policy","status":"publish","type":"page","link":"https:\/\/academicfx.com\/pt\/privacy-policy\/","title":{"rendered":"Pol\u00edtica de privacidade"},"content":{"rendered":"<div data-elementor-type=\"wp-page\" data-elementor-id=\"3\" class=\"elementor elementor-3\" data-elementor-settings=\"{&quot;ha_cmc_init_switcher&quot;:&quot;no&quot;}\" data-elementor-post-type=\"page\">\n\t\t\t\t\t\t<section class=\"elementor-section elementor-top-section elementor-element elementor-element-3932fe8 elementor-section-boxed elementor-section-height-default elementor-section-height-default\" data-id=\"3932fe8\" data-element_type=\"section\" data-e-type=\"section\" data-settings=\"{&quot;background_background&quot;:&quot;classic&quot;,&quot;_ha_eqh_enable&quot;:false,&quot;ekit_has_onepagescroll_dot&quot;:&quot;yes&quot;}\">\n\t\t\t\t\t\t\t<div class=\"elementor-background-overlay\"><\/div>\n\t\t\t\t\t\t\t<div class=\"elementor-container elementor-column-gap-default\">\n\t\t\t\t\t<div class=\"elementor-column elementor-col-100 elementor-top-column elementor-element elementor-element-533aa43\" data-id=\"533aa43\" data-element_type=\"column\" data-e-type=\"column\" data-settings=\"{&quot;background_background&quot;:&quot;classic&quot;}\">\n\t\t\t<div class=\"elementor-widget-wrap elementor-element-populated\">\n\t\t\t\t\t\t<div class=\"elementor-element elementor-element-f9d10f2 de_scroll_animation_no elementor-widget elementor-widget-dt-post-title\" data-id=\"f9d10f2\" data-element_type=\"widget\" data-e-type=\"widget\" data-settings=\"{&quot;ekit_we_effect_on&quot;:&quot;none&quot;}\" data-widget_type=\"dt-post-title.default\">\n\t\t\t\t<div class=\"elementor-widget-container\">\n\t\t\t\t\t<h2 class=\"dt-post-title\">Pol\u00edtica de privacidade<\/h2>\t\t\t\t<\/div>\n\t\t\t\t<\/div>\n\t\t\t\t\t<\/div>\n\t\t<\/div>\n\t\t\t\t\t<\/div>\n\t\t<\/section>\n\t\t<div class=\"elementor-element elementor-element-c82bc8f e-flex e-con-boxed e-con e-parent\" data-id=\"c82bc8f\" data-element_type=\"container\" data-e-type=\"container\" data-settings=\"{&quot;_ha_eqh_enable&quot;:false,&quot;ekit_has_onepagescroll_dot&quot;:&quot;yes&quot;}\">\n\t\t\t\t\t<div class=\"e-con-inner\">\n\t\t\t\t<div class=\"elementor-element elementor-element-658ad8f de_scroll_animation_no elementor-widget elementor-widget-text-editor\" data-id=\"658ad8f\" data-element_type=\"widget\" data-e-type=\"widget\" data-settings=\"{&quot;ekit_we_effect_on&quot;:&quot;none&quot;}\" data-widget_type=\"text-editor.default\">\n\t\t\t\t<div class=\"elementor-widget-container\">\n\t\t\t\t\t\t\t\t\t<p class=\"p1\">Bem-vindo ao AcademicFX. Sua privacidade \u00e9 de extrema import\u00e2ncia para n\u00f3s. Esta Pol\u00edtica de Privacidade descreve os tipos de informa\u00e7\u00f5es pessoais que coletamos, como as usamos e protegemos e seus direitos em rela\u00e7\u00e3o aos seus dados pessoais.<\/p><h5>\u00a0<\/h5><h5 class=\"p3\"><b>1. Informa\u00e7\u00f5es que coletamos<\/b><\/h5><p class=\"p1\">Coletamos v\u00e1rios tipos de informa\u00e7\u00f5es para fornecer e aprimorar nossos servi\u00e7os:<\/p><p class=\"p1\"><b>Informa\u00e7\u00f5es pessoais:<\/b> Quando voc\u00ea se registra em nosso site, assina nosso boletim informativo, preenche um formul\u00e1rio ou compra um curso, coletamos informa\u00e7\u00f5es pessoais, como seu nome, endere\u00e7o de e-mail, endere\u00e7o para correspond\u00eancia, n\u00famero de telefone e informa\u00e7\u00f5es de pagamento.<\/p><p class=\"p1\"><b>Dados de uso:<\/b> Coletamos informa\u00e7\u00f5es sobre como voc\u00ea interage com nosso site, inclusive seu endere\u00e7o IP, tipo de navegador, sistema operacional, URLs de refer\u00eancia, p\u00e1ginas visitadas e as datas e hor\u00e1rios de suas visitas.<\/p><p class=\"p1\"><b>Cookies e tecnologias de rastreamento:<\/b> Usamos cookies e tecnologias de rastreamento semelhantes para aprimorar sua experi\u00eancia em nosso site, analisar padr\u00f5es de uso e fornecer conte\u00fado e an\u00fancios personalizados.<\/p><h5>\u00a0<\/h5><h5 class=\"p3\"><b>2<\/b><b>. Como usamos suas informa\u00e7\u00f5es<\/b><\/h5><p class=\"p1\">Usamos as informa\u00e7\u00f5es que coletamos para v\u00e1rias finalidades, inclusive:<\/p><p class=\"p1\"><b>Fornecimento e aprimoramento de servi\u00e7os:<\/b> Para fornecer os servi\u00e7os solicitados, processar transa\u00e7\u00f5es e melhorar a funcionalidade do nosso site e a experi\u00eancia do usu\u00e1rio.<\/p><p class=\"p1\"><b>Comunica\u00e7\u00e3o:<\/b> Para enviar e-mails peri\u00f3dicos sobre seu pedido, responder a consultas e fornecer atualiza\u00e7\u00f5es e materiais promocionais.<\/p><p class=\"p1\"><b>Personaliza\u00e7\u00e3o:<\/b> Para personalizar o conte\u00fado e os an\u00fancios de acordo com seus interesses e prefer\u00eancias.<\/p><p class=\"p1\"><b>An\u00e1lises:<\/b> Analisar padr\u00f5es e tend\u00eancias de uso para melhorar nossos servi\u00e7os e o desempenho do site.<\/p><p class=\"p1\"><b>Conformidade:<\/b> Para cumprir as obriga\u00e7\u00f5es legais e proteger nossos direitos e a seguran\u00e7a de nossos usu\u00e1rios.<\/p><h5>\u00a0<\/h5><h5 class=\"p3\"><b>3. Como protegemos suas informa\u00e7\u00f5es<\/b><\/h5><p class=\"p1\">Implementamos uma s\u00e9rie de medidas de seguran\u00e7a para proteger suas informa\u00e7\u00f5es pessoais:<\/p><p class=\"p1\"><b>Criptografia:<\/b> Usamos a tecnologia SSL (Secure Socket Layer) para criptografar informa\u00e7\u00f5es confidenciais transmitidas on-line.<\/p><p class=\"p1\"><b>Controles de acesso:<\/b> As informa\u00e7\u00f5es pessoais podem ser acessadas somente por pessoal autorizado com direitos de acesso espec\u00edficos.<\/p><p class=\"p1\"><b>Reten\u00e7\u00e3o de dados:<\/b> N\u00f3s retemos suas informa\u00e7\u00f5es pessoais somente pelo tempo necess\u00e1rio para cumprir as finalidades descritas nesta Pol\u00edtica de Privacidade ou conforme exigido por lei.<\/p><h5>\u00a0<\/h5><h5 class=\"p3\"><b>4. Compartilhamento de suas informa\u00e7\u00f5es<\/b><\/h5><p class=\"p1\">N\u00e3o vendemos, comercializamos ou transferimos suas informa\u00e7\u00f5es pessoais para terceiros, exceto:<\/p><p class=\"p1\"><b>Prestadores de servi\u00e7os:<\/b> Podemos compartilhar informa\u00e7\u00f5es com prestadores de servi\u00e7os terceirizados de confian\u00e7a que nos auxiliam na opera\u00e7\u00e3o de nosso site, na condu\u00e7\u00e3o de nossos neg\u00f3cios ou na presta\u00e7\u00e3o de servi\u00e7os ao usu\u00e1rio, desde que eles concordem em manter essas informa\u00e7\u00f5es confidenciais.<\/p><p class=\"p1\"><b>Conformidade legal:<\/b> Podemos divulgar informa\u00e7\u00f5es quando exigido por lei, para fazer cumprir as pol\u00edticas do nosso site ou para proteger os nossos direitos, a propriedade ou a seguran\u00e7a de terceiros.<\/p><h5>\u00a0<\/h5><h5 class=\"p3\"><b>5. Seus direitos<\/b><\/h5><p class=\"p1\">Voc\u00ea tem certos direitos em rela\u00e7\u00e3o \u00e0s suas informa\u00e7\u00f5es pessoais, inclusive:<\/p><p class=\"p1\"><b>Acesso:<\/b> Voc\u00ea pode solicitar acesso \u00e0s informa\u00e7\u00f5es pessoais que mantemos sobre voc\u00ea.<\/p><p class=\"p1\"><b>Corre\u00e7\u00e3o:<\/b> Voc\u00ea pode solicitar a corre\u00e7\u00e3o de qualquer informa\u00e7\u00e3o imprecisa ou incompleta.<\/p><p class=\"p1\"><b>Exclus\u00e3o:<\/b> Voc\u00ea pode solicitar a exclus\u00e3o de suas informa\u00e7\u00f5es pessoais em determinadas circunst\u00e2ncias.<\/p><p class=\"p1\"><b>Opt-Out:<\/b> Voc\u00ea pode optar por n\u00e3o receber e-mails promocionais seguindo o link de cancelamento de inscri\u00e7\u00e3o nos e-mails.<\/p><h5 class=\"p3\"><b>6. Links de terceiros<\/b><\/h5><p class=\"p1\">Nosso site pode conter links para sites de terceiros. Esses sites t\u00eam pol\u00edticas de privacidade separadas e independentes. N\u00e3o temos nenhuma responsabilidade ou obriga\u00e7\u00e3o pelo conte\u00fado e pelas atividades desses sites vinculados.<\/p><h5>\u00a0<\/h5><h5 class=\"p3\"><b>7. Altera\u00e7\u00f5es em nossa pol\u00edtica de privacidade<\/b><\/h5><p class=\"p1\">Podemos atualizar esta Pol\u00edtica de Privacidade de tempos em tempos. Quaisquer altera\u00e7\u00f5es ser\u00e3o publicadas nesta p\u00e1gina, e a data de vig\u00eancia ser\u00e1 atualizada de acordo.<\/p><h5>\u00a0<\/h5><h5 class=\"p3\"><b>8. Entre em contato conosco<\/b><\/h5><p class=\"p1\">Se tiver alguma d\u00favida sobre esta Pol\u00edtica de Privacidade ou sobre suas informa\u00e7\u00f5es pessoais, entre em contato conosco:<\/p><p class=\"p1\"><b>E-mail:<\/b> contact@academicfx.com<\/p><p class=\"p1\"><b>Endere\u00e7o para correspond\u00eancia: <\/b>Wingate Square, Old Town, Londres SW4 0AF,\u00a0<b>Reino Unido<\/b><\/p>\t\t\t\t\t\t\t\t<\/div>\n\t\t\t\t<\/div>\n\t\t\t\t\t<\/div>\n\t\t\t\t<\/div>\n\t\t\t\t<\/div>","protected":false},"excerpt":{"rendered":"<p>Privacy Policy Welcome to AcademicFX. Your privacy is of utmost importance to us. This Privacy Policy outlines the types of [&hellip;]<\/p>\n","protected":false},"author":2,"featured_media":0,"parent":0,"menu_order":0,"comment_status":"closed","ping_status":"open","template":"elementor_header_footer","meta":{"footnotes":""},"class_list":["post-3","page","type-page","status-publish","hentry"],"_links":{"self":[{"href":"https:\/\/academicfx.com\/pt\/wp-json\/wp\/v2\/pages\/3","targetHints":{"allow":["GET"]}}],"collection":[{"href":"https:\/\/academicfx.com\/pt\/wp-json\/wp\/v2\/pages"}],"about":[{"href":"https:\/\/academicfx.com\/pt\/wp-json\/wp\/v2\/types\/page"}],"author":[{"embeddable":true,"href":"https:\/\/academicfx.com\/pt\/wp-json\/wp\/v2\/users\/2"}],"replies":[{"embeddable":true,"href":"https:\/\/academicfx.com\/pt\/wp-json\/wp\/v2\/comments?post=3"}],"version-history":[{"count":0,"href":"https:\/\/academicfx.com\/pt\/wp-json\/wp\/v2\/pages\/3\/revisions"}],"wp:attachment":[{"href":"https:\/\/academicfx.com\/pt\/wp-json\/wp\/v2\/media?parent=3"}],"curies":[{"name":"wp","href":"https:\/\/api.w.org\/{rel}","templated":true}]}}