{"id":8757,"date":"2024-06-27T11:19:35","date_gmt":"2024-06-27T11:19:35","guid":{"rendered":"https:\/\/academicfx.com\/?page_id=8757"},"modified":"2025-03-18T19:13:55","modified_gmt":"2025-03-18T19:13:55","slug":"market-insights","status":"publish","type":"page","link":"https:\/\/academicfx.com\/pt\/market-insights\/","title":{"rendered":"Informa\u00e7\u00f5es sobre o mercado"},"content":{"rendered":"\t\t<div data-elementor-type=\"wp-page\" data-elementor-id=\"8757\" class=\"elementor elementor-8757\" data-elementor-settings=\"{&quot;ha_cmc_init_switcher&quot;:&quot;no&quot;}\" data-elementor-post-type=\"page\">\n\t\t\t\t\t\t<section class=\"elementor-section elementor-top-section elementor-element elementor-element-495813a elementor-section-full_width elementor-section-height-default elementor-section-height-default\" data-id=\"495813a\" data-element_type=\"section\" data-e-type=\"section\" data-settings=\"{&quot;background_background&quot;:&quot;classic&quot;,&quot;_ha_eqh_enable&quot;:false,&quot;ekit_has_onepagescroll_dot&quot;:&quot;yes&quot;}\">\n\t\t\t\t\t\t\t<div class=\"elementor-background-overlay\"><\/div>\n\t\t\t\t\t\t\t<div class=\"elementor-container elementor-column-gap-default\">\n\t\t\t\t\t<div class=\"elementor-column elementor-col-100 elementor-top-column elementor-element elementor-element-45df67f\" data-id=\"45df67f\" data-element_type=\"column\" data-e-type=\"column\" data-settings=\"{&quot;background_background&quot;:&quot;classic&quot;}\">\n\t\t\t<div class=\"elementor-widget-wrap elementor-element-populated\">\n\t\t\t\t\t\t<section class=\"elementor-section elementor-inner-section elementor-element elementor-element-c98a9f8 elementor-section-boxed elementor-section-height-default elementor-section-height-default elementor-invisible\" data-id=\"c98a9f8\" data-element_type=\"section\" data-e-type=\"section\" data-settings=\"{&quot;animation&quot;:&quot;fadeIn&quot;,&quot;_ha_eqh_enable&quot;:false,&quot;ekit_has_onepagescroll_dot&quot;:&quot;yes&quot;}\">\n\t\t\t\t\t\t<div class=\"elementor-container elementor-column-gap-default\">\n\t\t\t\t\t<div class=\"elementor-column elementor-col-100 elementor-inner-column elementor-element elementor-element-a95b1a4\" data-id=\"a95b1a4\" data-element_type=\"column\" data-e-type=\"column\" data-settings=\"{&quot;background_background&quot;:&quot;classic&quot;}\">\n\t\t\t<div class=\"elementor-widget-wrap elementor-element-populated\">\n\t\t\t\t\t\t<div class=\"elementor-element elementor-element-86c4bfc de_scroll_animation_no elementor-widget elementor-widget-ha-gradient-heading happy-addon ha-gradient-heading\" data-id=\"86c4bfc\" data-element_type=\"widget\" data-e-type=\"widget\" data-settings=\"{&quot;ekit_we_effect_on&quot;:&quot;none&quot;}\" data-widget_type=\"ha-gradient-heading.default\">\n\t\t\t\t<div class=\"elementor-widget-container\">\n\t\t\t\t\t<h2 class=\"ha-gradient-heading\"><\/h2>\t\t\t\t<\/div>\n\t\t\t\t<\/div>\n\t\t\t\t<div class=\"elementor-element elementor-element-dba3d1e elementor-icon-list--layout-inline elementor-align-center elementor-list-item-link-full_width de_scroll_animation_no elementor-widget elementor-widget-icon-list\" data-id=\"dba3d1e\" data-element_type=\"widget\" data-e-type=\"widget\" data-settings=\"{&quot;ekit_we_effect_on&quot;:&quot;none&quot;}\" data-widget_type=\"icon-list.default\">\n\t\t\t\t<div class=\"elementor-widget-container\">\n\t\t\t\t\t\t\t<ul class=\"elementor-icon-list-items elementor-inline-items\">\n\t\t\t\t\t\t\t<li class=\"elementor-icon-list-item elementor-inline-item\">\n\t\t\t\t\t\t\t\t\t\t\t<a href=\"https:\/\/academicfx.com\/pt\">\n\n\t\t\t\t\t\t\t\t\t\t\t<span class=\"elementor-icon-list-text\">Home<\/span>\n\t\t\t\t\t\t\t\t\t\t\t<\/a>\n\t\t\t\t\t\t\t\t\t<\/li>\n\t\t\t\t\t\t\t\t<li class=\"elementor-icon-list-item elementor-inline-item\">\n\t\t\t\t\t\t\t\t\t\t\t<a href=\"https:\/\/academicfx.com\/pt\">\n\n\t\t\t\t\t\t\t\t\t\t\t\t<span class=\"elementor-icon-list-icon\">\n\t\t\t\t\t\t\t<i aria-hidden=\"true\" class=\"huge huge-arrow-right-04-round\"><\/i>\t\t\t\t\t\t<\/span>\n\t\t\t\t\t\t\t\t\t\t<span class=\"elementor-icon-list-text\">News<\/span>\n\t\t\t\t\t\t\t\t\t\t\t<\/a>\n\t\t\t\t\t\t\t\t\t<\/li>\n\t\t\t\t\t\t<\/ul>\n\t\t\t\t\t\t<\/div>\n\t\t\t\t<\/div>\n\t\t\t\t\t<\/div>\n\t\t<\/div>\n\t\t\t\t\t<\/div>\n\t\t<\/section>\n\t\t\t\t<div class=\"elementor-element elementor-element-d760bb1 de_scroll_animation_no elementor-widget elementor-widget-html\" data-id=\"d760bb1\" data-element_type=\"widget\" data-e-type=\"widget\" data-settings=\"{&quot;ekit_we_effect_on&quot;:&quot;none&quot;}\" data-widget_type=\"html.default\">\n\t\t\t\t<div class=\"elementor-widget-container\">\n\t\t\t\t\t<!DOCTYPE html>\n<html lang=\"en\">\n<head>\n  <meta charset=\"UTF-8\">\n  <meta name=\"viewport\" content=\"width=device-width, initial-scale=1.0\">\n  <title>Document<\/title>\n<\/head>\n<body>\n<!-- TradingView Widget BEGIN -->\n<div class=\"tradingview-widget-container\">\n  <div class=\"tradingview-widget-container__widget\"><\/div>\n  <script type=\"text\/javascript\" src=\"https:\/\/s3.tradingview.com\/external-embedding\/embed-widget-ticker-tape.js\" async>\n  {\n  \"symbols\": [\n    {\n      \"proName\": \"FOREXCOM:SPXUSD\",\n      \"title\": \"S&P 500 Index\"\n    },\n    {\n      \"proName\": \"FOREXCOM:NSXUSD\",\n      \"title\": \"US 100 Cash CFD\"\n    },\n    {\n      \"proName\": \"FX_IDC:EURUSD\",\n      \"title\": \"EUR to USD\"\n    },\n    {\n      \"proName\": \"BITSTAMP:BTCUSD\",\n      \"title\": \"Bitcoin\"\n    },\n    {\n      \"proName\": \"BITSTAMP:ETHUSD\",\n      \"title\": \"Ethereum\"\n    },\n    {\n      \"description\": \"\",\n      \"proName\": \"NASDAQ:NFLX\"\n    },\n    {\n      \"description\": \"\",\n      \"proName\": \"NASDAQ:TSLA\"\n    },\n    {\n      \"description\": \"\",\n      \"proName\": \"NASDAQ:MSFT\"\n    },\n    {\n      \"description\": \"\",\n      \"proName\": \"NASDAQ:META\"\n    },\n    {\n      \"description\": \"\",\n      \"proName\": \"NASDAQ:NVDA\"\n    },\n    {\n      \"description\": \"\",\n      \"proName\": \"NASDAQ:AMD\"\n    },\n    {\n      \"description\": \"\",\n      \"proName\": \"NYSE:RL\"\n    },\n    {\n      \"description\": \"\",\n      \"proName\": \"NASDAQ:PYPL\"\n    }\n  ],\n  \"showSymbolLogo\": true,\n  \"isTransparent\": false,\n  \"largeChartUrl\": \"https:\/\/academicfx.com\/market-insights\/\",\n  \"displayMode\": \"adaptive\",\n  \"colorTheme\": \"light\",\n  \"locale\": \"en\"\n}\n  <\/script>\n<\/div>\n<!-- TradingView Widget END -->\n<\/body>\n<\/html>\t\t\t\t<\/div>\n\t\t\t\t<\/div>\n\t\t\t\t\t<\/div>\n\t\t<\/div>\n\t\t\t\t\t<\/div>\n\t\t<\/section>\n\t\t<div class=\"elementor-element elementor-element-bd88a03 e-flex e-con-boxed e-con e-parent\" data-id=\"bd88a03\" data-element_type=\"container\" data-e-type=\"container\" data-settings=\"{&quot;_ha_eqh_enable&quot;:false,&quot;ekit_has_onepagescroll_dot&quot;:&quot;yes&quot;}\">\n\t\t\t\t\t<div class=\"e-con-inner\">\n\t\t\t\t<div class=\"elementor-element elementor-element-60abe90 de_scroll_animation_no elementor-widget elementor-widget-ha-gradient-heading happy-addon ha-gradient-heading\" data-id=\"60abe90\" data-element_type=\"widget\" data-e-type=\"widget\" data-settings=\"{&quot;ekit_we_effect_on&quot;:&quot;none&quot;}\" data-widget_type=\"ha-gradient-heading.default\">\n\t\t\t\t<div class=\"elementor-widget-container\">\n\t\t\t\t\t<h2 class=\"ha-gradient-heading\">Advanced Real-Time Chart<\/h2>\t\t\t\t<\/div>\n\t\t\t\t<\/div>\n\t\t\t\t<div class=\"elementor-element elementor-element-df6ff3e de_scroll_animation_no elementor-widget elementor-widget-html\" data-id=\"df6ff3e\" data-element_type=\"widget\" data-e-type=\"widget\" data-settings=\"{&quot;ekit_we_effect_on&quot;:&quot;none&quot;}\" data-widget_type=\"html.default\">\n\t\t\t\t<div class=\"elementor-widget-container\">\n\t\t\t\t\t<!DOCTYPE html>\n<html lang=\"en\">\n<head>\n    <meta charset=\"UTF-8\">\n    <meta name=\"viewport\" content=\"width=device-width, initial-scale=1.0\">\n    <title>Document<\/title>\n<\/head>\n<body>\n  <!-- TradingView Widget BEGIN -->\n<div class=\"tradingview-widget-container\">\n  <div class=\"tradingview-widget-container__widget\"><\/div>\n  <div class=\"tradingview-widget-copyright\"><a href=\"https:\/\/www.tradingview.com\/\" rel=\"noopener nofollow\" target=\"_blank\"><span class=\"blue-text\"><\/span><\/a><\/div>\n  <script type=\"text\/javascript\" src=\"https:\/\/s3.tradingview.com\/external-embedding\/embed-widget-advanced-chart.js\" async>\n  {\n  \"width\": \"100%\",\n  \"height\": \"900\",\n  \"symbol\": \"NASDAQ:NVDA\",\n  \"interval\": \"D\",\n  \"timezone\": \"Etc\/UTC\",\n  \"theme\": \"light\",\n  \"style\": \"1\",\n  \"locale\": \"en\",\n  \"withdateranges\": true,\n  \"hide_side_toolbar\": false,\n  \"allow_symbol_change\": true,\n  \"hotlist\": true,\n  \"calendar\": false,\n  \"support_host\": \"https:\/\/www.tradingview.com\"\n}\n  <\/script>\n<\/div>\n<!-- TradingView Widget END -->\n<\/body>\n<\/html>\t\t\t\t<\/div>\n\t\t\t\t<\/div>\n\t\t\t\t<div class=\"elementor-element elementor-element-90d6b35 de_scroll_animation_no elementor-widget elementor-widget-ha-gradient-heading happy-addon ha-gradient-heading\" data-id=\"90d6b35\" data-element_type=\"widget\" data-e-type=\"widget\" data-settings=\"{&quot;ekit_we_effect_on&quot;:&quot;none&quot;}\" data-widget_type=\"ha-gradient-heading.default\">\n\t\t\t\t<div class=\"elementor-widget-container\">\n\t\t\t\t\t<h2 class=\"ha-gradient-heading\">Cryptocurrency Market<\/h2>\t\t\t\t<\/div>\n\t\t\t\t<\/div>\n\t\t\t\t<div class=\"elementor-element elementor-element-c837450 de_scroll_animation_no elementor-widget elementor-widget-html\" data-id=\"c837450\" data-element_type=\"widget\" data-e-type=\"widget\" data-settings=\"{&quot;ekit_we_effect_on&quot;:&quot;none&quot;}\" data-widget_type=\"html.default\">\n\t\t\t\t<div class=\"elementor-widget-container\">\n\t\t\t\t\t<!DOCTYPE html>\n<html lang=\"en\">\n<head>\n    <meta charset=\"UTF-8\">\n    <meta name=\"viewport\" content=\"width=device-width, initial-scale=1.0\">\n    <title>Document<\/title>\n<\/head>\n<body>\n<!-- TradingView Widget BEGIN -->\n<div class=\"tradingview-widget-container\">\n  <div class=\"tradingview-widget-container__widget\"><\/div>\n  <div class=\"tradingview-widget-copyright\"><a href=\"https:\/\/www.tradingview.com\/\" rel=\"noopener nofollow\" target=\"_blank\"><span class=\"blue-text\"><\/span><\/a><\/div>\n  <script type=\"text\/javascript\" src=\"https:\/\/s3.tradingview.com\/external-embedding\/embed-widget-screener.js\" async>\n  {\n  \"width\": \"100%\",\n  \"height\": \"1200\",\n  \"defaultColumn\": \"overview\",\n  \"screener_type\": \"crypto_mkt\",\n  \"displayCurrency\": \"USD\",\n  \"colorTheme\": \"light\",\n  \"locale\": \"en\"\n}\n  <\/script>\n<\/div>\n<!-- TradingView Widget END -->\n<\/body>\n<\/html>\t\t\t\t<\/div>\n\t\t\t\t<\/div>\n\t\t\t\t<div class=\"elementor-element elementor-element-55543cf de_scroll_animation_no elementor-widget elementor-widget-ha-gradient-heading happy-addon ha-gradient-heading\" data-id=\"55543cf\" data-element_type=\"widget\" data-e-type=\"widget\" data-settings=\"{&quot;ekit_we_effect_on&quot;:&quot;none&quot;}\" data-widget_type=\"ha-gradient-heading.default\">\n\t\t\t\t<div class=\"elementor-widget-container\">\n\t\t\t\t\t<h2 class=\"ha-gradient-heading\">Forex Cross Rates<\/h2>\t\t\t\t<\/div>\n\t\t\t\t<\/div>\n\t\t\t\t<div class=\"elementor-element elementor-element-cc3cc4a de_scroll_animation_no elementor-widget elementor-widget-html\" data-id=\"cc3cc4a\" data-element_type=\"widget\" data-e-type=\"widget\" data-settings=\"{&quot;ekit_we_effect_on&quot;:&quot;none&quot;}\" data-widget_type=\"html.default\">\n\t\t\t\t<div class=\"elementor-widget-container\">\n\t\t\t\t\t<!DOCTYPE html>\n<html lang=\"en\">\n<head>\n    <meta charset=\"UTF-8\">\n    <meta name=\"viewport\" content=\"width=device-width, initial-scale=1.0\">\n    <title>Document<\/title>\n<\/head>\n<body>\n<!-- TradingView Widget BEGIN -->\n<div class=\"tradingview-widget-container\">\n  <div class=\"tradingview-widget-container__widget\"><\/div>\n  <div class=\"tradingview-widget-copyright\"><a href=\"https:\/\/www.tradingview.com\/\" rel=\"noopener nofollow\" target=\"_blank\"><span class=\"blue-text\"><\/span><\/a><\/div>\n  <script type=\"text\/javascript\" src=\"https:\/\/s3.tradingview.com\/external-embedding\/embed-widget-forex-cross-rates.js\" async>\n  {\n  \"width\": \"100%\",\n  \"height\": \"1200\",\n  \"currencies\": [\n    \"EUR\",\n    \"USD\",\n    \"JPY\",\n    \"GBP\",\n    \"CHF\",\n    \"AUD\",\n    \"CAD\",\n    \"NZD\",\n    \"CNY\",\n    \"TRY\",\n    \"SEK\",\n    \"NOK\",\n    \"DKK\",\n    \"ZAR\",\n    \"HKD\",\n    \"SGD\",\n    \"THB\",\n    \"MXN\",\n    \"IDR\",\n    \"KRW\",\n    \"PLN\",\n    \"ISK\",\n    \"KWD\",\n    \"PHP\",\n    \"MYR\",\n    \"INR\",\n    \"TWD\",\n    \"SAR\",\n    \"AED\",\n    \"RUB\",\n    \"ILS\",\n    \"ARS\",\n    \"CLP\",\n    \"COP\",\n    \"PEN\",\n    \"UYU\"\n  ],\n  \"isTransparent\": false,\n  \"colorTheme\": \"light\",\n  \"locale\": \"en\",\n  \"backgroundColor\": \"#ffffff\"\n}\n  <\/script>\n<\/div>\n<!-- TradingView Widget END -->\n<\/body>\n<\/html>\t\t\t\t<\/div>\n\t\t\t\t<\/div>\n\t\t\t\t\t<\/div>\n\t\t\t\t<\/div>\n\t\t\t\t<\/div>\n\t\t","protected":false},"excerpt":{"rendered":"<p>P\u00e1gina inicial Not\u00edcias Documento Gr\u00e1fico avan\u00e7ado em tempo real Documento Mercado de criptomoedas Documento Taxas cruzadas de Forex Documento<\/p>","protected":false},"author":2,"featured_media":0,"parent":0,"menu_order":0,"comment_status":"closed","ping_status":"closed","template":"","meta":{"footnotes":""},"class_list":["post-8757","page","type-page","status-publish","hentry"],"_links":{"self":[{"href":"https:\/\/academicfx.com\/pt\/wp-json\/wp\/v2\/pages\/8757","targetHints":{"allow":["GET"]}}],"collection":[{"href":"https:\/\/academicfx.com\/pt\/wp-json\/wp\/v2\/pages"}],"about":[{"href":"https:\/\/academicfx.com\/pt\/wp-json\/wp\/v2\/types\/page"}],"author":[{"embeddable":true,"href":"https:\/\/academicfx.com\/pt\/wp-json\/wp\/v2\/users\/2"}],"replies":[{"embeddable":true,"href":"https:\/\/academicfx.com\/pt\/wp-json\/wp\/v2\/comments?post=8757"}],"version-history":[{"count":0,"href":"https:\/\/academicfx.com\/pt\/wp-json\/wp\/v2\/pages\/8757\/revisions"}],"wp:attachment":[{"href":"https:\/\/academicfx.com\/pt\/wp-json\/wp\/v2\/media?parent=8757"}],"curies":[{"name":"wp","href":"https:\/\/api.w.org\/{rel}","templated":true}]}}