{"id":9405,"date":"2024-06-28T09:10:11","date_gmt":"2024-06-28T09:10:11","guid":{"rendered":"https:\/\/academicfx.com\/?page_id=9405"},"modified":"2025-03-19T15:13:36","modified_gmt":"2025-03-19T15:13:36","slug":"terms-conditions","status":"publish","type":"page","link":"https:\/\/academicfx.com\/pt\/terms-conditions\/","title":{"rendered":"Termos e condi\u00e7\u00f5es"},"content":{"rendered":"<div data-elementor-type=\"wp-page\" data-elementor-id=\"9405\" class=\"elementor elementor-9405\" data-elementor-settings=\"{&quot;ha_cmc_init_switcher&quot;:&quot;no&quot;}\" data-elementor-post-type=\"page\">\n\t\t\t\t\t\t<section class=\"elementor-section elementor-top-section elementor-element elementor-element-ef389b8 elementor-section-boxed elementor-section-height-default elementor-section-height-default\" data-id=\"ef389b8\" data-element_type=\"section\" data-e-type=\"section\" data-settings=\"{&quot;background_background&quot;:&quot;classic&quot;,&quot;_ha_eqh_enable&quot;:false,&quot;ekit_has_onepagescroll_dot&quot;:&quot;yes&quot;}\">\n\t\t\t\t\t\t\t<div class=\"elementor-background-overlay\"><\/div>\n\t\t\t\t\t\t\t<div class=\"elementor-container elementor-column-gap-default\">\n\t\t\t\t\t<div class=\"elementor-column elementor-col-100 elementor-top-column elementor-element elementor-element-c7ca583\" data-id=\"c7ca583\" data-element_type=\"column\" data-e-type=\"column\" data-settings=\"{&quot;background_background&quot;:&quot;classic&quot;}\">\n\t\t\t<div class=\"elementor-widget-wrap elementor-element-populated\">\n\t\t\t\t\t\t<div class=\"elementor-element elementor-element-d9c7e1e de_scroll_animation_no elementor-widget elementor-widget-dt-post-title\" data-id=\"d9c7e1e\" data-element_type=\"widget\" data-e-type=\"widget\" data-settings=\"{&quot;ekit_we_effect_on&quot;:&quot;none&quot;}\" data-widget_type=\"dt-post-title.default\">\n\t\t\t\t<div class=\"elementor-widget-container\">\n\t\t\t\t\t<h2 class=\"dt-post-title\">Termos e condi\u00e7\u00f5es<\/h2>\t\t\t\t<\/div>\n\t\t\t\t<\/div>\n\t\t\t\t\t<\/div>\n\t\t<\/div>\n\t\t\t\t\t<\/div>\n\t\t<\/section>\n\t\t<div class=\"elementor-element elementor-element-c82bc8f e-flex e-con-boxed e-con e-parent\" data-id=\"c82bc8f\" data-element_type=\"container\" data-e-type=\"container\" data-settings=\"{&quot;_ha_eqh_enable&quot;:false,&quot;ekit_has_onepagescroll_dot&quot;:&quot;yes&quot;}\">\n\t\t\t\t\t<div class=\"e-con-inner\">\n\t\t\t\t<div class=\"elementor-element elementor-element-658ad8f de_scroll_animation_no elementor-widget elementor-widget-text-editor\" data-id=\"658ad8f\" data-element_type=\"widget\" data-e-type=\"widget\" data-settings=\"{&quot;ekit_we_effect_on&quot;:&quot;none&quot;}\" data-widget_type=\"text-editor.default\">\n\t\t\t\t<div class=\"elementor-widget-container\">\n\t\t\t\t\t\t\t\t\t<p class=\"p1\">Leia atentamente o documento a seguir antes de aceitar os termos e condi\u00e7\u00f5es e antes de realizar qualquer atividade no site.<\/p>\t\t\t\t\t\t\t\t<\/div>\n\t\t\t\t<\/div>\n\t\t\t\t<div class=\"elementor-element elementor-element-f37b9ac de_scroll_animation_no elementor-widget elementor-widget-heading\" data-id=\"f37b9ac\" data-element_type=\"widget\" data-e-type=\"widget\" data-settings=\"{&quot;ekit_we_effect_on&quot;:&quot;none&quot;}\" data-widget_type=\"heading.default\">\n\t\t\t\t<div class=\"elementor-widget-container\">\n\t\t\t\t\t<h2 class=\"elementor-heading-title elementor-size-default\">Aceita\u00e7\u00e3o dos Termos de Uso<\/h2>\t\t\t\t<\/div>\n\t\t\t\t<\/div>\n\t\t\t\t<div class=\"elementor-element elementor-element-b220a31 de_scroll_animation_no elementor-widget elementor-widget-text-editor\" data-id=\"b220a31\" data-element_type=\"widget\" data-e-type=\"widget\" data-settings=\"{&quot;ekit_we_effect_on&quot;:&quot;none&quot;}\" data-widget_type=\"text-editor.default\">\n\t\t\t\t<div class=\"elementor-widget-container\">\n\t\t\t\t\t\t\t\t\t<p class=\"p1\">Para usar os servi\u00e7os da ACADEMICEDU LIMITED (\"Empresa\"), o Cliente deve aceitar estes Termos e Condi\u00e7\u00f5es. Certifique-se de que voc\u00ea leu e entendeu este documento na \u00edntegra. Al\u00e9m disso, consulte a Pol\u00edtica de Privacidade e outros documentos legais. Ao aceitar estes Termos e Condi\u00e7\u00f5es, o Cliente concorda em ficar vinculado a eles e em cumprir integralmente todas as leis e regulamentos aplic\u00e1veis com rela\u00e7\u00e3o ao uso do site da ACADEMICEDU LIMITED (<a href=\"https:\/\/academicfx.com\/pt\/\">https:\/\/academicfx.com<\/a>) e seus servi\u00e7os.<\/p><p class=\"p1\">Se voc\u00ea n\u00e3o concordar com estes Termos e Condi\u00e7\u00f5es, n\u00e3o participe (<a href=\"https:\/\/academicfx.com\/pt\/\">https:\/\/academicfx.com<\/a>), usar seus materiais ou acessar os servi\u00e7os da ACADEMICEDU LIMITED.<\/p>\t\t\t\t\t\t\t\t<\/div>\n\t\t\t\t<\/div>\n\t\t\t\t<div class=\"elementor-element elementor-element-aa9ad52 de_scroll_animation_no elementor-widget elementor-widget-heading\" data-id=\"aa9ad52\" data-element_type=\"widget\" data-e-type=\"widget\" data-settings=\"{&quot;ekit_we_effect_on&quot;:&quot;none&quot;}\" data-widget_type=\"heading.default\">\n\t\t\t\t<div class=\"elementor-widget-container\">\n\t\t\t\t\t<h2 class=\"elementor-heading-title elementor-size-default\">Verifica\u00e7\u00e3o de idade<\/h2>\t\t\t\t<\/div>\n\t\t\t\t<\/div>\n\t\t\t\t<div class=\"elementor-element elementor-element-bd8dd1d de_scroll_animation_no elementor-widget elementor-widget-text-editor\" data-id=\"bd8dd1d\" data-element_type=\"widget\" data-e-type=\"widget\" data-settings=\"{&quot;ekit_we_effect_on&quot;:&quot;none&quot;}\" data-widget_type=\"text-editor.default\">\n\t\t\t\t<div class=\"elementor-widget-container\">\n\t\t\t\t\t\t\t\t\t<p class=\"p1\">Ao usar este site, voc\u00ea confirma que tem pelo menos 18 anos de idade ou que obteve o consentimento dos pais\/respons\u00e1veis, caso seja menor de idade em sua jurisdi\u00e7\u00e3o.<\/p><p class=\"p1\">N\u00e3o permitimos conscientemente que indiv\u00edduos com idade inferior \u00e0 da maioridade legal acessem ou usem nossos servi\u00e7os sem a aprova\u00e7\u00e3o dos pais. Se descobrirmos que um usu\u00e1rio \u00e9 menor de idade e n\u00e3o tem o consentimento necess\u00e1rio, reservamo-nos o direito de revogar o acesso imediatamente para cumprir os regulamentos aplic\u00e1veis e proteger a privacidade do usu\u00e1rio.<\/p>\t\t\t\t\t\t\t\t<\/div>\n\t\t\t\t<\/div>\n\t\t\t\t<div class=\"elementor-element elementor-element-06fe1c0 de_scroll_animation_no elementor-widget elementor-widget-heading\" data-id=\"06fe1c0\" data-element_type=\"widget\" data-e-type=\"widget\" data-settings=\"{&quot;ekit_we_effect_on&quot;:&quot;none&quot;}\" data-widget_type=\"heading.default\">\n\t\t\t\t<div class=\"elementor-widget-container\">\n\t\t\t\t\t<h2 class=\"elementor-heading-title elementor-size-default\">Pol\u00edtica de reembolso<\/h2>\t\t\t\t<\/div>\n\t\t\t\t<\/div>\n\t\t\t\t<div class=\"elementor-element elementor-element-985f8fb de_scroll_animation_no elementor-widget elementor-widget-text-editor\" data-id=\"985f8fb\" data-element_type=\"widget\" data-e-type=\"widget\" data-settings=\"{&quot;ekit_we_effect_on&quot;:&quot;none&quot;}\" data-widget_type=\"text-editor.default\">\n\t\t\t\t<div class=\"elementor-widget-container\">\n\t\t\t\t\t\t\t\t\t<p class=\"p1\">A Empresa se reserva o direito de oferecer reembolsos em determinadas circunst\u00e2ncias, se as condi\u00e7\u00f5es adequadas forem atendidas. A Pol\u00edtica de Reembolso \u00e9 o ponto central do relacionamento entre a Empresa e o Cliente, baseado na confian\u00e7a m\u00fatua e na responsabilidade corporativa.<\/p><p class=\"p1\">As compras de cursos s\u00e3o eleg\u00edveis para reembolso em um prazo de 15 dias. Nesse per\u00edodo, o Cliente pode solicitar o reembolso do curso a qualquer momento, desde que n\u00e3o ultrapasse o per\u00edodo de 15 dias. As solicita\u00e7\u00f5es de reembolso feitas no per\u00edodo de 15 dias, mas n\u00e3o processadas no mesmo, ainda ser\u00e3o consideradas ativas e estar\u00e3o sob o devido processo do departamento de cobran\u00e7a.<\/p><p class=\"p1\">As taxas de assinatura mensal tamb\u00e9m s\u00e3o eleg\u00edveis para reembolso. Elas n\u00e3o s\u00e3o limitadas no tempo, e somente a \u00faltima taxa de assinatura mensal pode ser reembolsada, a qualquer momento, at\u00e9 que a pr\u00f3xima taxa seja aplicada. Usando o princ\u00edpio da boa vontade, n\u00e3o h\u00e1 restri\u00e7\u00f5es para o reembolso da \u00faltima taxa de assinatura.<\/p><p class=\"p1\">O processo normal de reembolso pode durar at\u00e9 7 (sete) dias \u00fateis.<\/p>\t\t\t\t\t\t\t\t<\/div>\n\t\t\t\t<\/div>\n\t\t\t\t<div class=\"elementor-element elementor-element-d3632a8 de_scroll_animation_no elementor-widget elementor-widget-heading\" data-id=\"d3632a8\" data-element_type=\"widget\" data-e-type=\"widget\" data-settings=\"{&quot;ekit_we_effect_on&quot;:&quot;none&quot;}\" data-widget_type=\"heading.default\">\n\t\t\t\t<div class=\"elementor-widget-container\">\n\t\t\t\t\t<h2 class=\"elementor-heading-title elementor-size-default\">Informa\u00e7\u00f5es de mercado<\/h2>\t\t\t\t<\/div>\n\t\t\t\t<\/div>\n\t\t\t\t<div class=\"elementor-element elementor-element-c9cccf0 de_scroll_animation_no elementor-widget elementor-widget-text-editor\" data-id=\"c9cccf0\" data-element_type=\"widget\" data-e-type=\"widget\" data-settings=\"{&quot;ekit_we_effect_on&quot;:&quot;none&quot;}\" data-widget_type=\"text-editor.default\">\n\t\t\t\t<div class=\"elementor-widget-container\">\n\t\t\t\t\t\t\t\t\t<p class=\"p1\">A Empresa poder\u00e1 lhe fornecer uma ampla gama de informa\u00e7\u00f5es financeiras por meio de seus diversos Servi\u00e7os. Esses dados podem vir de fontes internas ou ser obtidos de agentes, fornecedores ou parceiros (\"Fornecedores terceirizados\"). As informa\u00e7\u00f5es incluem, mas n\u00e3o se limitam a, dados do mercado financeiro, cota\u00e7\u00f5es, not\u00edcias, opini\u00f5es de analistas, relat\u00f3rios de pesquisa, gr\u00e1ficos e outros dados (\"Informa\u00e7\u00f5es de mercado\").<\/p><p class=\"p1\">As Informa\u00e7\u00f5es de Mercado dispon\u00edveis nos Servi\u00e7os n\u00e3o se destinam a ser uma consultoria de investimento. A Empresa n\u00e3o endossa nem aprova essas Informa\u00e7\u00f5es de Mercado; elas s\u00e3o fornecidas apenas para sua conveni\u00eancia. Nem a Empresa nem seus Fornecedores Terceirizados garantem a precis\u00e3o, a pontualidade, a integridade ou a sequ\u00eancia correta das Informa\u00e7\u00f5es de Mercado, nem garantem quaisquer resultados de seu uso ou confian\u00e7a nelas.<\/p><p class=\"p1\">As Informa\u00e7\u00f5es de Mercado podem se tornar rapidamente n\u00e3o confi\u00e1veis devido a v\u00e1rios fatores, como mudan\u00e7as nas condi\u00e7\u00f5es de mercado ou circunst\u00e2ncias econ\u00f4micas. Nem a Empresa nem os Fornecedores Terceirizados s\u00e3o obrigados a atualizar quaisquer informa\u00e7\u00f5es ou opini\u00f5es contidas nas Informa\u00e7\u00f5es de Mercado, e podem parar de oferec\u00ea-las a qualquer momento sem aviso pr\u00e9vio. Voc\u00ea concorda que nem a Empresa nem os Fornecedores Terceirizados ser\u00e3o respons\u00e1veis por qualquer cancelamento, interrup\u00e7\u00e3o, atraso ou imprecis\u00e3o de qualquer Informa\u00e7\u00e3o de Mercado. Voc\u00ea n\u00e3o far\u00e1 \"deep link\", redistribuir\u00e1 ou facilitar\u00e1 a redistribui\u00e7\u00e3o de Informa\u00e7\u00f5es de Mercado, nem fornecer\u00e1 acesso a elas a qualquer pessoa n\u00e3o autorizada pela Empresa a receb\u00ea-las.<\/p><p class=\"p1\">Com rela\u00e7\u00e3o a quaisquer Informa\u00e7\u00f5es de Mercado exibidas nos Servi\u00e7os, voc\u00ea est\u00e1 proibido e concorda em n\u00e3o: (i) copiar, armazenar, vender, licenciar, distribuir, transmitir ou duplicar quaisquer Informa\u00e7\u00f5es de Mercado ou qualquer parte delas para qualquer terceiro ou pessoa, de qualquer forma ou por qualquer meio; (ii) disponibilizar as Informa\u00e7\u00f5es de Mercado em qualquer site ou aplicativo, ou dispon\u00edveis ao p\u00fablico via Internet ou de outra forma; (iii) usar as Informa\u00e7\u00f5es de Mercado para criar e\/ou operar (diretamente ou por meio de terceiros) qualquer produto financeiro, \u00edndice ou servi\u00e7o, ou de qualquer outra forma sem a permiss\u00e3o da Empresa ou de seus Fornecedores Terceiros aplic\u00e1veis; (iv) usar quaisquer marcas registradas, logotipos, nomes de marcas ou marcas de identifica\u00e7\u00e3o semelhantes, ou remover quaisquer avisos de direitos autorais ou de propriedade incorporados \u00e0s Informa\u00e7\u00f5es de Mercado (\"Marcas\"), e voc\u00ea reconhece que a Empresa ou seus Fornecedores Terceirizados aplic\u00e1veis det\u00eam os direitos de propriedade intelectual das Informa\u00e7\u00f5es de Mercado e de quaisquer Marcas, e a elas relacionados; (v) usar as Informa\u00e7\u00f5es de Mercado de qualquer forma ou para qualquer finalidade que exija uma licen\u00e7a separada da Empresa, de seus Fornecedores Terceirizados aplic\u00e1veis ou de qualquer outra pessoa; e (vi) permitir ou alegar permitir que terceiros fa\u00e7am qualquer uma das a\u00e7\u00f5es acima.<\/p>\t\t\t\t\t\t\t\t<\/div>\n\t\t\t\t<\/div>\n\t\t\t\t<div class=\"elementor-element elementor-element-bdab8f2 de_scroll_animation_no elementor-widget elementor-widget-heading\" data-id=\"bdab8f2\" data-element_type=\"widget\" data-e-type=\"widget\" data-settings=\"{&quot;ekit_we_effect_on&quot;:&quot;none&quot;}\" data-widget_type=\"heading.default\">\n\t\t\t\t<div class=\"elementor-widget-container\">\n\t\t\t\t\t<h2 class=\"elementor-heading-title elementor-size-default\">Altera\u00e7\u00f5es no conte\u00fado<\/h2>\t\t\t\t<\/div>\n\t\t\t\t<\/div>\n\t\t\t\t<div class=\"elementor-element elementor-element-bddedec de_scroll_animation_no elementor-widget elementor-widget-text-editor\" data-id=\"bddedec\" data-element_type=\"widget\" data-e-type=\"widget\" data-settings=\"{&quot;ekit_we_effect_on&quot;:&quot;none&quot;}\" data-widget_type=\"text-editor.default\">\n\t\t\t\t<div class=\"elementor-widget-container\">\n\t\t\t\t\t\t\t\t\t<p class=\"p1\">A Empresa se reserva o direito de alterar, corrigir, emendar, aprimorar, melhorar, fazer quaisquer outras altera\u00e7\u00f5es ou descontinuar, tempor\u00e1ria ou permanentemente, o Site e\/ou o Servi\u00e7o (ou qualquer parte dele) sem aviso pr\u00e9vio, a qualquer momento. Al\u00e9m disso, voc\u00ea reconhece que o Conte\u00fado fornecido neste Site pode ser alterado, ampliado em termos de conte\u00fado e forma, ou removido a qualquer momento sem aviso pr\u00e9vio. Voc\u00ea concorda que a Empresa n\u00e3o ser\u00e1 respons\u00e1vel perante voc\u00ea ou qualquer terceiro por qualquer modifica\u00e7\u00e3o, suspens\u00e3o ou descontinuidade deste Site, do Servi\u00e7o ou do Conte\u00fado inclu\u00eddo neste Site.<\/p>\t\t\t\t\t\t\t\t<\/div>\n\t\t\t\t<\/div>\n\t\t\t\t<div class=\"elementor-element elementor-element-2e2e523 de_scroll_animation_no elementor-widget elementor-widget-heading\" data-id=\"2e2e523\" data-element_type=\"widget\" data-e-type=\"widget\" data-settings=\"{&quot;ekit_we_effect_on&quot;:&quot;none&quot;}\" data-widget_type=\"heading.default\">\n\t\t\t\t<div class=\"elementor-widget-container\">\n\t\t\t\t\t<h2 class=\"elementor-heading-title elementor-size-default\">Limita\u00e7\u00e3o de responsabilidade<\/h2>\t\t\t\t<\/div>\n\t\t\t\t<\/div>\n\t\t\t\t<div class=\"elementor-element elementor-element-d00fc61 de_scroll_animation_no elementor-widget elementor-widget-text-editor\" data-id=\"d00fc61\" data-element_type=\"widget\" data-e-type=\"widget\" data-settings=\"{&quot;ekit_we_effect_on&quot;:&quot;none&quot;}\" data-widget_type=\"text-editor.default\">\n\t\t\t\t<div class=\"elementor-widget-container\">\n\t\t\t\t\t\t\t\t\t<p class=\"p1\">Em nenhuma circunst\u00e2ncia a Empresa ou seus provedores de servi\u00e7os, incluindo seus executivos, diretores, acionistas, funcion\u00e1rios, subcontratados e agentes, ser\u00e3o respons\u00e1veis por quaisquer danos. Isso inclui, mas n\u00e3o se limita a, danos diretos, indiretos, especiais, incidentais ou consequenciais de qualquer tipo, sejam eles decorrentes de contrato, neglig\u00eancia ou outras a\u00e7\u00f5es il\u00edcitas resultantes ou decorrentes do uso do site e\/ou do servi\u00e7o e\/ou do conte\u00fado, de qualquer decis\u00e3o tomada ou a\u00e7\u00e3o realizada com base no conte\u00fado, de qualquer falha do site e\/ou do servi\u00e7o em funcionar conforme o esperado, de perda de boa vontade ou de lucros ou de qualquer outro ato ou omiss\u00e3o da Empresa ou de seus provedores de servi\u00e7os. Isso se aplica mesmo que a Empresa ou seus prestadores de servi\u00e7os tenham sido avisados da possibilidade de tais danos.<\/p>\t\t\t\t\t\t\t\t<\/div>\n\t\t\t\t<\/div>\n\t\t\t\t<div class=\"elementor-element elementor-element-fc0ec98 de_scroll_animation_no elementor-widget elementor-widget-heading\" data-id=\"fc0ec98\" data-element_type=\"widget\" data-e-type=\"widget\" data-settings=\"{&quot;ekit_we_effect_on&quot;:&quot;none&quot;}\" data-widget_type=\"heading.default\">\n\t\t\t\t<div class=\"elementor-widget-container\">\n\t\t\t\t\t<h2 class=\"elementor-heading-title elementor-size-default\">Isen\u00e7\u00e3o de responsabilidade<\/h2>\t\t\t\t<\/div>\n\t\t\t\t<\/div>\n\t\t\t\t<div class=\"elementor-element elementor-element-682960c de_scroll_animation_no elementor-widget elementor-widget-text-editor\" data-id=\"682960c\" data-element_type=\"widget\" data-e-type=\"widget\" data-settings=\"{&quot;ekit_we_effect_on&quot;:&quot;none&quot;}\" data-widget_type=\"text-editor.default\">\n\t\t\t\t<div class=\"elementor-widget-container\">\n\t\t\t\t\t\t\t\t\t<p class=\"p1\">O site e\/ou servi\u00e7o, juntamente com todo o conte\u00fado, s\u00e3o fornecidos \"no estado em que se encontram\", sem quaisquer garantias, expressas ou impl\u00edcitas. Isso inclui, mas n\u00e3o se limita a, garantias de t\u00edtulo, n\u00e3o viola\u00e7\u00e3o, garantias impl\u00edcitas de uso, comercializa\u00e7\u00e3o ou adequa\u00e7\u00e3o a uma finalidade espec\u00edfica. A Empresa e seus provedores de servi\u00e7os se isentam de todas as representa\u00e7\u00f5es e garantias relativas ao uso, \u00e0 incapacidade de uso ou aos resultados do uso do site e\/ou servi\u00e7o (incluindo resultados relacionados a taxas ideais). Eles n\u00e3o oferecem garantias sobre a precis\u00e3o, qualidade, disponibilidade, confiabilidade, adequa\u00e7\u00e3o, integridade, veracidade, utilidade ou efic\u00e1cia de qualquer conte\u00fado apresentado no site.<\/p><p class=\"p1\">Esteja ciente de que, se o conte\u00fado incluir informa\u00e7\u00f5es sobre o desempenho passado de produtos financeiros, essas informa\u00e7\u00f5es n\u00e3o garantem resultados futuros.<\/p><p class=\"p1\">A Empresa e seus provedores de servi\u00e7os n\u00e3o endossam, recomendam ou assumem qualquer responsabilidade ou obriga\u00e7\u00e3o por qualquer decis\u00e3o tomada ou a\u00e7\u00e3o realizada com base no conte\u00fado. Eles n\u00e3o s\u00e3o respons\u00e1veis por qualquer perda, les\u00e3o ou dano incorrido como resultado do uso do site e\/ou servi\u00e7o, ou de qualquer decis\u00e3o tomada ou a\u00e7\u00e3o realizada com base no conte\u00fado, ou de qualquer informa\u00e7\u00e3o derivada do uso do site e\/ou servi\u00e7o.<\/p><p class=\"p1\">A Empresa e seus provedores de servi\u00e7os n\u00e3o garantem que o site funcionar\u00e1 de forma segura, precisa, completa, sem interrup\u00e7\u00f5es, livre de erros ou de v\u00edrus, worms, outros componentes prejudiciais ou outras limita\u00e7\u00f5es do programa.<\/p><p class=\"p1\">Voc\u00ea reconhece e concorda que \u00e9 o \u00fanico e \u00faltimo respons\u00e1vel por quaisquer decis\u00f5es (incluindo, entre outras, decis\u00f5es financeiras e\/ou tribut\u00e1rias) ou a\u00e7\u00f5es tomadas como resultado de, em conjunto com ou pelo uso do site e\/ou servi\u00e7o (incluindo o conte\u00fado). Seu uso do site e\/ou servi\u00e7o e\/ou do conte\u00fado \u00e9 feito inteiramente por sua conta e risco.<\/p>\t\t\t\t\t\t\t\t<\/div>\n\t\t\t\t<\/div>\n\t\t\t\t<div class=\"elementor-element elementor-element-f45cfd1 de_scroll_animation_no elementor-widget elementor-widget-heading\" data-id=\"f45cfd1\" data-element_type=\"widget\" data-e-type=\"widget\" data-settings=\"{&quot;ekit_we_effect_on&quot;:&quot;none&quot;}\" data-widget_type=\"heading.default\">\n\t\t\t\t<div class=\"elementor-widget-container\">\n\t\t\t\t\t<h2 class=\"elementor-heading-title elementor-size-default\">Indeniza\u00e7\u00e3o<\/h2>\t\t\t\t<\/div>\n\t\t\t\t<\/div>\n\t\t\t\t<div class=\"elementor-element elementor-element-d4f05f0 de_scroll_animation_no elementor-widget elementor-widget-text-editor\" data-id=\"d4f05f0\" data-element_type=\"widget\" data-e-type=\"widget\" data-settings=\"{&quot;ekit_we_effect_on&quot;:&quot;none&quot;}\" data-widget_type=\"text-editor.default\">\n\t\t\t\t<div class=\"elementor-widget-container\">\n\t\t\t\t\t\t\t\t\t<p class=\"p1\">Voc\u00ea concorda em defender, indenizar e isentar a Empresa e seus provedores de servi\u00e7os, incluindo seus executivos, diretores, acionistas, funcion\u00e1rios, subcontratados e agentes, de e contra todas e quaisquer reivindica\u00e7\u00f5es, danos, obriga\u00e7\u00f5es, perdas, responsabilidades, custos, d\u00edvidas e despesas (incluindo honor\u00e1rios advocat\u00edcios) decorrentes de: (i) seu uso do site e\/ou servi\u00e7o; (ii) sua viola\u00e7\u00e3o de qualquer termo destes termos; (iii) qualquer dano que voc\u00ea cause a terceiros relacionado ao seu uso do site e\/ou servi\u00e7o (incluindo qualquer viola\u00e7\u00e3o de direitos de terceiros); e (iv) quaisquer reivindica\u00e7\u00f5es por danos financeiros ou outros danos decorrentes de qualquer decis\u00e3o tomada ou a\u00e7\u00e3o realizada com base no site e\/ou servi\u00e7o (incluindo o uso do conte\u00fado e os resultados relacionados \u00e0s taxas ideais).<\/p><p class=\"p1\">Voc\u00ea concorda que os prestadores de servi\u00e7os da Empresa e outras entidades mencionadas acima s\u00e3o terceiros benefici\u00e1rios dessas disposi\u00e7\u00f5es, com o direito de aplic\u00e1-las como se fossem parte deste contrato.<\/p>\t\t\t\t\t\t\t\t<\/div>\n\t\t\t\t<\/div>\n\t\t\t\t<div class=\"elementor-element elementor-element-3e046f9 de_scroll_animation_no elementor-widget elementor-widget-heading\" data-id=\"3e046f9\" data-element_type=\"widget\" data-e-type=\"widget\" data-settings=\"{&quot;ekit_we_effect_on&quot;:&quot;none&quot;}\" data-widget_type=\"heading.default\">\n\t\t\t\t<div class=\"elementor-widget-container\">\n\t\t\t\t\t<h2 class=\"elementor-heading-title elementor-size-default\">Pol\u00edtica de cancelamento<\/h2>\t\t\t\t<\/div>\n\t\t\t\t<\/div>\n\t\t\t\t<div class=\"elementor-element elementor-element-a905f21 de_scroll_animation_no elementor-widget elementor-widget-text-editor\" data-id=\"a905f21\" data-element_type=\"widget\" data-e-type=\"widget\" data-settings=\"{&quot;ekit_we_effect_on&quot;:&quot;none&quot;}\" data-widget_type=\"text-editor.default\">\n\t\t\t\t<div class=\"elementor-widget-container\">\n\t\t\t\t\t\t\t\t\t<p class=\"p1\">Os assinantes podem cancelar sua assinatura mensal a qualquer momento por meio do painel da conta ou entrando em contato com nossa equipe de suporte. Os cancelamentos entrar\u00e3o em vigor no final do ciclo de faturamento atual, e nenhuma cobran\u00e7a adicional ser\u00e1 feita. Observe que nenhum reembolso \u00e9 fornecido para o per\u00edodo restante do ciclo de faturamento ativo ap\u00f3s o processamento de uma assinatura. Para obter assist\u00eancia, entre em contato conosco em <span class=\"s1\"><a href=\"https:\/\/privateemail.com\/appsuite\/#\">contact@academicfx.com.<\/a><\/span><\/p>\n<p class=\"p1\">Voc\u00ea concorda que os prestadores de servi\u00e7os da Empresa e outras entidades mencionadas acima s\u00e3o terceiros benefici\u00e1rios dessas disposi\u00e7\u00f5es, com o direito de aplic\u00e1-las como se fossem parte deste contrato.<\/p>\t\t\t\t\t\t\t\t<\/div>\n\t\t\t\t<\/div>\n\t\t\t\t<div class=\"elementor-element elementor-element-03274f2 de_scroll_animation_no elementor-widget elementor-widget-heading\" data-id=\"03274f2\" data-element_type=\"widget\" data-e-type=\"widget\" data-settings=\"{&quot;ekit_we_effect_on&quot;:&quot;none&quot;}\" data-widget_type=\"heading.default\">\n\t\t\t\t<div class=\"elementor-widget-container\">\n\t\t\t\t\t<h2 class=\"elementor-heading-title elementor-size-default\">Governing Law &amp; Jurisdiction<\/h2>\t\t\t\t<\/div>\n\t\t\t\t<\/div>\n\t\t\t\t<div class=\"elementor-element elementor-element-40c9ab0 de_scroll_animation_no elementor-widget elementor-widget-text-editor\" data-id=\"40c9ab0\" data-element_type=\"widget\" data-e-type=\"widget\" data-settings=\"{&quot;ekit_we_effect_on&quot;:&quot;none&quot;}\" data-widget_type=\"text-editor.default\">\n\t\t\t\t<div class=\"elementor-widget-container\">\n\t\t\t\t\t\t\t\t\t<p class=\"p1\">Estes Termos e Condi\u00e7\u00f5es devem ser <span class=\"s1\"><b>regido e interpretado de acordo com as leis da Inglaterra e do Pa\u00eds de Gales<\/b><\/span>sem levar em conta suas disposi\u00e7\u00f5es sobre conflito de leis.<\/p><p class=\"p1\">Quaisquer disputas, reivindica\u00e7\u00f5es ou procedimentos legais decorrentes ou relacionados a estes Termos e Condi\u00e7\u00f5es, ao uso de <strong>ACADEMICEDU LIMITED<\/strong>(<strong><a href=\"https:\/\/academicfx.com\/pt\/\">https:\/\/academicfx.com<\/a><\/strong>), ou seus servi\u00e7os estar\u00e3o sujeitos ao <span class=\"s1\"><b>jurisdi\u00e7\u00e3o exclusiva dos tribunais da Inglaterra e do Pa\u00eds de Gales<\/b><\/span>.<\/p><p class=\"p1\">Ao usar este site, voc\u00ea concorda que qualquer a\u00e7\u00e3o legal deve ser apresentada em um tribunal localizado na Inglaterra e no Pa\u00eds de Gales, e voc\u00ea <span class=\"s1\"><b>renunciar a quaisquer obje\u00e7\u00f5es quanto \u00e0 jurisdi\u00e7\u00e3o, local ou foro inconveniente<\/b><\/span> com rela\u00e7\u00e3o a esses tribunais.<\/p><p class=\"p1\">Se qualquer disposi\u00e7\u00e3o destes Termos e Condi\u00e7\u00f5es for considerada inexequ\u00edvel nos termos da legisla\u00e7\u00e3o aplic\u00e1vel, as demais disposi\u00e7\u00f5es continuar\u00e3o em pleno vigor e efeito.<\/p>\t\t\t\t\t\t\t\t<\/div>\n\t\t\t\t<\/div>\n\t\t\t\t\t<\/div>\n\t\t\t\t<\/div>\n\t\t\t\t<\/div>","protected":false},"excerpt":{"rendered":"<p>Terms &amp; Conditions Please read the following document thoroughly before accepting terms and conditions, and before any activities on the [&hellip;]<\/p>\n","protected":false},"author":2,"featured_media":0,"parent":0,"menu_order":0,"comment_status":"closed","ping_status":"open","template":"elementor_header_footer","meta":{"footnotes":""},"class_list":["post-9405","page","type-page","status-publish","hentry"],"_links":{"self":[{"href":"https:\/\/academicfx.com\/pt\/wp-json\/wp\/v2\/pages\/9405","targetHints":{"allow":["GET"]}}],"collection":[{"href":"https:\/\/academicfx.com\/pt\/wp-json\/wp\/v2\/pages"}],"about":[{"href":"https:\/\/academicfx.com\/pt\/wp-json\/wp\/v2\/types\/page"}],"author":[{"embeddable":true,"href":"https:\/\/academicfx.com\/pt\/wp-json\/wp\/v2\/users\/2"}],"replies":[{"embeddable":true,"href":"https:\/\/academicfx.com\/pt\/wp-json\/wp\/v2\/comments?post=9405"}],"version-history":[{"count":3,"href":"https:\/\/academicfx.com\/pt\/wp-json\/wp\/v2\/pages\/9405\/revisions"}],"predecessor-version":[{"id":15102,"href":"https:\/\/academicfx.com\/pt\/wp-json\/wp\/v2\/pages\/9405\/revisions\/15102"}],"wp:attachment":[{"href":"https:\/\/academicfx.com\/pt\/wp-json\/wp\/v2\/media?parent=9405"}],"curies":[{"name":"wp","href":"https:\/\/api.w.org\/{rel}","templated":true}]}}